{"id":688,"date":"2024-03-01T16:55:45","date_gmt":"2024-03-01T21:55:45","guid":{"rendered":"https:\/\/ofertasderevista.com\/?post_type=product&#038;p=688"},"modified":"2024-03-01T17:10:13","modified_gmt":"2024-03-01T22:10:13","slug":"dorsay","status":"publish","type":"product","link":"https:\/\/ofertasderevista.com\/index.php\/producto\/dorsay\/","title":{"rendered":"DORSAY"},"content":{"rendered":"<p><strong>Descripci\u00f3n<\/strong><br \/>\nPerfume de hombre con aroma herbal arom\u00e1tico de muy alta concentraci\u00f3n* y muy larga duraci\u00f3n, con elegantes notas de verbena y roble. Para hombres elegantes y exitosos que logran lo que se proponen, y les gustan los aromas herbales y frescos, que aportan masculinidad. Capacidad 90 ml.<\/p>\n<p><strong>Notas Olfativas<\/strong><\/p>\n<p><em>Notas de Salida:<\/em> Bergamota, lim\u00f3n, lavanda y acorde de notas verdes.<\/p>\n<p><em>Notas de Cuerpo:<\/em> Manzanilla azul, estrag\u00f3n, verbena, geranio y hojas de canela.<\/p>\n<p><em>Notas de Fondo:<\/em> Patchouli, vetiver, s\u00e1ndalo, roble y tonka.<\/p>\n<p>\u00bfCu\u00e1l es el secreto de la calidad y duraci\u00f3n de las fragancias de esika? Essent Tech*. El proceso de fabricaci\u00f3n de fragancias en el que se define el tiempo ideal de maceraci\u00f3n, la parte m\u00e1s cr\u00edtica al hacer una fragancia, para maximizar su aroma y duraci\u00f3n. Trabajamos con estrictos controles de calidad, con lo \u00faltimo en tecnolog\u00eda y con los mejores perfumistas del mundo, que garantizan la calidad de nuestros aromas. *De acuerdo a la clasificaci\u00f3n interna de fragancias \u00e9sika. **Proceso interno de fabricaci\u00f3n de fragancias, no incluye splash y colonias.<\/p>\n<div class=\"transform scale-100 opacity-100\"><\/div>\n","protected":false},"excerpt":{"rendered":"<div class=\"vtex-flex-layout-0-x-flexColChild vtex-flex-layout-0-x-flexColChild--description-pdp pb0\">\n<div class=\"vtex-rich-text-0-x-container vtex-rich-text-0-x-container--title-description flex tl items-start justify-start t-body c-on-base\">\n<div class=\"vtex-rich-text-0-x-wrapper vtex-rich-text-0-x-wrapper--title-description\">\n<p class=\"lh-copy vtex-rich-text-0-x-paragraph vtex-rich-text-0-x-paragraph--title-description\">\u00bfPor qu\u00e9 elegirlo?<\/p>\n<\/div>\n<\/div>\n<\/div>\n<div class=\"vtex-flex-layout-0-x-flexColChild vtex-flex-layout-0-x-flexColChild--description-pdp pb0\">\n<div class=\"vtex-store-components-3-x-productDescriptionContainer\">\n<div class=\"vtex-store-components-3-x-productDescriptionText c-muted-1\">\n<div class=\"vtex-store-components-3-x-container relative\">\n<div class=\"vtex-store-components-3-x-content h-auto\">\n<div>Perfume con aroma herbal de muy larga duraci\u00f3n, para hombres elegantes y exitosos<\/div>\n<\/div>\n<\/div>\n<\/div>\n<\/div>\n<\/div>\n","protected":false},"featured_media":689,"template":"","meta":[],"product_cat":[25,39,38],"product_tag":[],"featured_image_urls":{"full":["https:\/\/ofertasderevista.com\/wp-content\/uploads\/2024\/03\/DORSAY.webp",1197,1197,false],"thumbnail":["https:\/\/ofertasderevista.com\/wp-content\/uploads\/2024\/03\/DORSAY-150x150.webp",150,150,true],"medium":["https:\/\/ofertasderevista.com\/wp-content\/uploads\/2024\/03\/DORSAY-300x300.webp",300,300,true],"medium_large":["https:\/\/ofertasderevista.com\/wp-content\/uploads\/2024\/03\/DORSAY-768x768.webp",768,768,true],"large":["https:\/\/ofertasderevista.com\/wp-content\/uploads\/2024\/03\/DORSAY-1024x1024.webp",1024,1024,true],"1536x1536":["https:\/\/ofertasderevista.com\/wp-content\/uploads\/2024\/03\/DORSAY.webp",1197,1197,false],"2048x2048":["https:\/\/ofertasderevista.com\/wp-content\/uploads\/2024\/03\/DORSAY.webp",1197,1197,false],"woocommerce_archive_thumbnail":["https:\/\/ofertasderevista.com\/wp-content\/uploads\/2024\/03\/DORSAY-300x300.webp",300,300,true],"woocommerce_thumbnail":["https:\/\/ofertasderevista.com\/wp-content\/uploads\/2024\/03\/DORSAY-300x300.webp",300,300,true],"woocommerce_single":["https:\/\/ofertasderevista.com\/wp-content\/uploads\/2024\/03\/DORSAY-600x600.webp",600,600,true],"woocommerce_gallery_thumbnail":["https:\/\/ofertasderevista.com\/wp-content\/uploads\/2024\/03\/DORSAY-100x100.webp",100,100,true]},"post_excerpt_stackable":"<div class=\"vtex-flex-layout-0-x-flexColChild vtex-flex-layout-0-x-flexColChild--description-pdp pb0\">\n<div class=\"vtex-rich-text-0-x-container vtex-rich-text-0-x-container--title-description flex tl items-start justify-start t-body c-on-base\">\n<div class=\"vtex-rich-text-0-x-wrapper vtex-rich-text-0-x-wrapper--title-description\">\n<p class=\"lh-copy vtex-rich-text-0-x-paragraph vtex-rich-text-0-x-paragraph--title-description\">\u00bfPor qu\u00e9 elegirlo?<\/p>\n<\/div>\n<\/div>\n<\/div>\n<div class=\"vtex-flex-layout-0-x-flexColChild vtex-flex-layout-0-x-flexColChild--description-pdp pb0\">\n<div class=\"vtex-store-components-3-x-productDescriptionContainer\">\n<div class=\"vtex-store-components-3-x-productDescriptionText c-muted-1\">\n<div class=\"vtex-store-components-3-x-container relative\">\n<div class=\"vtex-store-components-3-x-content h-auto\">\n<div>Perfume con aroma herbal de muy larga duraci\u00f3n, para hombres elegantes y exitosos<\/div>\n<\/div>\n<\/div>\n<\/div>\n<\/div>\n<\/div>\n","category_list":"","author_info":{"name":"","url":""},"comments_num":"0 comentarios","_links":{"self":[{"href":"https:\/\/ofertasderevista.com\/index.php\/wp-json\/wp\/v2\/product\/688"}],"collection":[{"href":"https:\/\/ofertasderevista.com\/index.php\/wp-json\/wp\/v2\/product"}],"about":[{"href":"https:\/\/ofertasderevista.com\/index.php\/wp-json\/wp\/v2\/types\/product"}],"wp:featuredmedia":[{"embeddable":true,"href":"https:\/\/ofertasderevista.com\/index.php\/wp-json\/wp\/v2\/media\/689"}],"wp:attachment":[{"href":"https:\/\/ofertasderevista.com\/index.php\/wp-json\/wp\/v2\/media?parent=688"}],"wp:term":[{"taxonomy":"product_cat","embeddable":true,"href":"https:\/\/ofertasderevista.com\/index.php\/wp-json\/wp\/v2\/product_cat?post=688"},{"taxonomy":"product_tag","embeddable":true,"href":"https:\/\/ofertasderevista.com\/index.php\/wp-json\/wp\/v2\/product_tag?post=688"}],"curies":[{"name":"wp","href":"https:\/\/api.w.org\/{rel}","templated":true}]}}