{"id":605,"date":"2024-02-26T15:47:47","date_gmt":"2024-02-26T20:47:47","guid":{"rendered":"https:\/\/ofertasderevista.com\/?post_type=product&#038;p=605"},"modified":"2024-02-26T15:49:21","modified_gmt":"2024-02-26T20:49:21","slug":"aguas-natura","status":"publish","type":"product","link":"https:\/\/ofertasderevista.com\/index.php\/producto\/aguas-natura\/","title":{"rendered":"AGUAS NATURA"},"content":{"rendered":"<p><strong>Advertencias:<\/strong><\/p>\n<p>Mantenga el producto lejos de fuentes de calor. Mantenga el producto lejos del alcance de los ni\u00f1os. No se aplique sobre piel irritada o lastimada. Evite el contacto con los ojos. En el caso de contacto con los ojos, enju\u00e1guelos con agua en abundancia. Descontin\u00fae su uso en caso de presentar irritaci\u00f3n, enrojecimiento o alguna molestia. Uso externo. Por tener ingredientes naturales, podr\u00e1n ocurrir variaciones en el color lo que no alterar\u00e1 sus propiedades.<\/p>\n","protected":false},"excerpt":{"rendered":"<p>Advertencias: Mantenga el producto lejos de fuentes de calor. Mantenga el producto lejos del alcance de los ni\u00f1os. No se aplique sobre piel irritada o lastimada. Evite el contacto con los ojos. En el caso de contacto con los ojos, enju\u00e1guelos con agua en abundancia. Descontin\u00fae su uso en caso de presentar irritaci\u00f3n, enrojecimiento o [&hellip;]<\/p>\n","protected":false},"featured_media":616,"template":"","meta":[],"product_cat":[26],"product_tag":[],"featured_image_urls":{"full":["https:\/\/ofertasderevista.com\/wp-content\/uploads\/2024\/02\/aguas-natura-1-e1708980544906.jpg",617,499,false],"thumbnail":["https:\/\/ofertasderevista.com\/wp-content\/uploads\/2024\/02\/aguas-natura-1-e1708980544906-150x150.jpg",150,150,true],"medium":["https:\/\/ofertasderevista.com\/wp-content\/uploads\/2024\/02\/aguas-natura-1-e1708980544906-300x243.jpg",300,243,true],"medium_large":["https:\/\/ofertasderevista.com\/wp-content\/uploads\/2024\/02\/aguas-natura-1-768x200.jpg",768,200,true],"large":["https:\/\/ofertasderevista.com\/wp-content\/uploads\/2024\/02\/aguas-natura-1-1024x267.jpg",1024,267,true],"1536x1536":["https:\/\/ofertasderevista.com\/wp-content\/uploads\/2024\/02\/aguas-natura-1-1536x400.jpg",1536,400,true],"2048x2048":["https:\/\/ofertasderevista.com\/wp-content\/uploads\/2024\/02\/aguas-natura-1-e1708980544906.jpg",617,499,false],"woocommerce_archive_thumbnail":["https:\/\/ofertasderevista.com\/wp-content\/uploads\/2024\/02\/aguas-natura-1-e1708980544906-300x243.jpg",300,243,true],"woocommerce_thumbnail":["https:\/\/ofertasderevista.com\/wp-content\/uploads\/2024\/02\/aguas-natura-1-e1708980544906-300x300.jpg",300,300,true],"woocommerce_single":["https:\/\/ofertasderevista.com\/wp-content\/uploads\/2024\/02\/aguas-natura-1-e1708980544906-600x485.jpg",600,485,true],"woocommerce_gallery_thumbnail":["https:\/\/ofertasderevista.com\/wp-content\/uploads\/2024\/02\/aguas-natura-1-e1708980544906-100x100.jpg",100,100,true]},"post_excerpt_stackable":"<p>Advertencias: Mantenga el producto lejos de fuentes de calor. Mantenga el producto lejos del alcance de los ni\u00f1os. No se aplique sobre piel irritada o lastimada. Evite el contacto con los ojos. En el caso de contacto con los ojos, enju\u00e1guelos con agua en abundancia. Descontin\u00fae su uso en caso de presentar irritaci\u00f3n, enrojecimiento o alguna molestia. Uso externo. Por tener ingredientes naturales, podr\u00e1n ocurrir variaciones en el color lo que no alterar\u00e1 sus propiedades.<\/p>\n","category_list":"","author_info":{"name":"","url":""},"comments_num":"0 comentarios","_links":{"self":[{"href":"https:\/\/ofertasderevista.com\/index.php\/wp-json\/wp\/v2\/product\/605"}],"collection":[{"href":"https:\/\/ofertasderevista.com\/index.php\/wp-json\/wp\/v2\/product"}],"about":[{"href":"https:\/\/ofertasderevista.com\/index.php\/wp-json\/wp\/v2\/types\/product"}],"wp:featuredmedia":[{"embeddable":true,"href":"https:\/\/ofertasderevista.com\/index.php\/wp-json\/wp\/v2\/media\/616"}],"wp:attachment":[{"href":"https:\/\/ofertasderevista.com\/index.php\/wp-json\/wp\/v2\/media?parent=605"}],"wp:term":[{"taxonomy":"product_cat","embeddable":true,"href":"https:\/\/ofertasderevista.com\/index.php\/wp-json\/wp\/v2\/product_cat?post=605"},{"taxonomy":"product_tag","embeddable":true,"href":"https:\/\/ofertasderevista.com\/index.php\/wp-json\/wp\/v2\/product_tag?post=605"}],"curies":[{"name":"wp","href":"https:\/\/api.w.org\/{rel}","templated":true}]}}