{"id":599,"date":"2024-02-26T15:10:34","date_gmt":"2024-02-26T20:10:34","guid":{"rendered":"https:\/\/ofertasderevista.com\/?post_type=product&#038;p=599"},"modified":"2024-02-26T15:10:34","modified_gmt":"2024-02-26T20:10:34","slug":"43n-paralel-parfum","status":"publish","type":"product","link":"https:\/\/ofertasderevista.com\/index.php\/producto\/43n-paralel-parfum\/","title":{"rendered":"43N Paralel Parfum"},"content":{"rendered":"<div class=\"product-details__description carousel-icon col-xs-12 col-sm-12 col-md-6 \">\n<div class=\"blockDescriptionPdp hide--mobile\">\n<h2 class=\"\">\u00bfPOR QU\u00c9 TE ENCANTAR\u00c1?<\/h2>\n<p>Aroma maderoso c\u00edtrico con toronja mediterr\u00e1nea, cipr\u00e9s de toscana y cuero ib\u00e9rico.<br \/>\nSu intensidad muy alta te llevar\u00e1 a vivir experiencias \u00fanicas.<br \/>\nToda una invitaci\u00f3n a recorrer el mundo, esta vez a Francia, Italia y Espa\u00f1a destinos \u00fanicos del paralelo 43N!<\/p>\n<p><b>Inspiraci\u00f3n:<\/b><br \/>\nHombres que recorren el mundo en busca de nuevas experiencias. Viajeros innatos, aut\u00e9nticos, sofisticados y que saben disfrutar de grandes placeres.<\/p>\n<p><b>Empaque:<\/b><br \/>\nFabricado en Heinz, Alemania, uno de los mejores fabricantes de vidrio en el mundo. Un dise\u00f1o simple pero elegante, inspirado en el hombre cl\u00e1sico actual. Adem\u00e1s, la tapa se asemeja a un im\u00e1n, siendo un dise\u00f1o pr\u00e1ctico.<\/p>\n<\/div>\n<div class=\"modalWhyItWillEnchantYou\"><\/div>\n<\/div>\n<div class=\"product-details__description col-xs-12 col-sm-12 col-md-6\">\n<div class=\"blockDescriptionPdp hide--mobile\">\n<h2>INGREDIENTES<\/h2>\n<p><b>Toronja Mediterr\u00e1nea:<\/b>\u00a0Una nota c\u00edtrica, fresca, cautivadora y llena de energ\u00eda. Refleja el esp\u00edritu libre de un viajero nato.<\/p>\n<p><b>Cipr\u00e9s de Toscana:<\/b>\u00a0Una madera c\u00e1lida e intensa proveniente de la regi\u00f3n de Toscana, Italia. Tiene toques le\u00f1osos con algo de especias, con una personalidad aut\u00e9ntica y con mucha masculinidad.<\/p>\n<p><b>Cuero Ib\u00e9rico:<\/b>\u00a0Una nota cl\u00e1sica de la perfumer\u00eda masculina en una versi\u00f3n moderna, \u00fanica y muy sofisticada. Nos recuerda el material de aquellos accesorios masculinos.<\/p>\n<\/div>\n<div class=\"modalIngredients\"><\/div>\n<div class=\"blockDescriptionPdp hide--mobile\">\n<h2>MODO DE USO<\/h2>\n<p><b>\u00bfC\u00f3mo usar 43N Paralel Parfum?<\/b><\/p>\n<p>+ Un tip para que tu perfume 43N Paralel Parfum se note a\u00fan m\u00e1s, es aplicarlo en las zonas de pulsaci\u00f3n de tu cuerpo, cuello, mu\u00f1ecas, en el pliegue de codos y rodillas o en el pecho.<\/p>\n<p>+ Te recomendamos guardar el perfume en su caja original idealmente, en un lugar fresco y alejado del sol, para que se conserve mejor.<\/p>\n<\/div>\n<\/div>\n","protected":false},"excerpt":{"rendered":"<p class=\"limit_description\"><b>\u00bfQu\u00e9 es?<\/b><br \/>\nUn perfume para hombre maderoso c\u00edtrico, intenso e impactante que te transporta a un viaje inolvidable al Paralelo 43N. Una mezcla sensacional de toronja mediterr\u00e1nea con un fondo masculino y moderno de cipr\u00e9s de toscana y cuero ib\u00e9rico.<\/p>\n<p>Un aroma que te invita a recorrer el mundo!<\/p>\n","protected":false},"featured_media":600,"template":"","meta":[],"product_cat":[15],"product_tag":[35],"featured_image_urls":{"full":["https:\/\/ofertasderevista.com\/wp-content\/uploads\/2024\/02\/43-N-PARELE.jpg",1500,1500,false],"thumbnail":["https:\/\/ofertasderevista.com\/wp-content\/uploads\/2024\/02\/43-N-PARELE-150x150.jpg",150,150,true],"medium":["https:\/\/ofertasderevista.com\/wp-content\/uploads\/2024\/02\/43-N-PARELE-300x300.jpg",300,300,true],"medium_large":["https:\/\/ofertasderevista.com\/wp-content\/uploads\/2024\/02\/43-N-PARELE-768x768.jpg",768,768,true],"large":["https:\/\/ofertasderevista.com\/wp-content\/uploads\/2024\/02\/43-N-PARELE-1024x1024.jpg",1024,1024,true],"1536x1536":["https:\/\/ofertasderevista.com\/wp-content\/uploads\/2024\/02\/43-N-PARELE.jpg",1500,1500,false],"2048x2048":["https:\/\/ofertasderevista.com\/wp-content\/uploads\/2024\/02\/43-N-PARELE.jpg",1500,1500,false],"woocommerce_archive_thumbnail":["https:\/\/ofertasderevista.com\/wp-content\/uploads\/2024\/02\/43-N-PARELE-300x300.jpg",300,300,true],"woocommerce_thumbnail":["https:\/\/ofertasderevista.com\/wp-content\/uploads\/2024\/02\/43-N-PARELE-300x300.jpg",300,300,true],"woocommerce_single":["https:\/\/ofertasderevista.com\/wp-content\/uploads\/2024\/02\/43-N-PARELE-600x600.jpg",600,600,true],"woocommerce_gallery_thumbnail":["https:\/\/ofertasderevista.com\/wp-content\/uploads\/2024\/02\/43-N-PARELE-100x100.jpg",100,100,true]},"post_excerpt_stackable":"<p class=\"limit_description\"><b>\u00bfQu\u00e9 es?<\/b><br \/>\nUn perfume para hombre maderoso c\u00edtrico, intenso e impactante que te transporta a un viaje inolvidable al Paralelo 43N. Una mezcla sensacional de toronja mediterr\u00e1nea con un fondo masculino y moderno de cipr\u00e9s de toscana y cuero ib\u00e9rico.<\/p>\n<p>Un aroma que te invita a recorrer el mundo!<\/p>\n","category_list":"","author_info":{"name":"","url":""},"comments_num":"0 comentarios","_links":{"self":[{"href":"https:\/\/ofertasderevista.com\/index.php\/wp-json\/wp\/v2\/product\/599"}],"collection":[{"href":"https:\/\/ofertasderevista.com\/index.php\/wp-json\/wp\/v2\/product"}],"about":[{"href":"https:\/\/ofertasderevista.com\/index.php\/wp-json\/wp\/v2\/types\/product"}],"wp:featuredmedia":[{"embeddable":true,"href":"https:\/\/ofertasderevista.com\/index.php\/wp-json\/wp\/v2\/media\/600"}],"wp:attachment":[{"href":"https:\/\/ofertasderevista.com\/index.php\/wp-json\/wp\/v2\/media?parent=599"}],"wp:term":[{"taxonomy":"product_cat","embeddable":true,"href":"https:\/\/ofertasderevista.com\/index.php\/wp-json\/wp\/v2\/product_cat?post=599"},{"taxonomy":"product_tag","embeddable":true,"href":"https:\/\/ofertasderevista.com\/index.php\/wp-json\/wp\/v2\/product_tag?post=599"}],"curies":[{"name":"wp","href":"https:\/\/api.w.org\/{rel}","templated":true}]}}