{"id":342,"date":"2020-03-20T08:35:44","date_gmt":"2020-03-20T08:35:44","guid":{"rendered":"https:\/\/ofertasderevista.com\/index.php\/right-sidebar\/"},"modified":"2020-03-20T08:35:44","modified_gmt":"2020-03-20T08:35:44","slug":"right-sidebar","status":"publish","type":"page","link":"https:\/\/ofertasderevista.com\/index.php\/right-sidebar\/","title":{"rendered":"Right Sidebar"},"content":{"rendered":"<p data-block-type=\"core\"><div class=\"woocommerce columns-3 \"><div class=\"woocommerce-notices-wrapper\"><\/div><div class=\"woo-listing-top\"><p class=\"woocommerce-result-count\">\n\tMostrando los 6 resultados<\/p>\n<form class=\"woocommerce-ordering\" method=\"get\">\n\t<select name=\"orderby\" class=\"orderby\" aria-label=\"Pedido de la tienda\">\n\t\t\t\t\t<option value=\"menu_order\"  selected='selected'>Orden predeterminado<\/option>\n\t\t\t\t\t<option value=\"popularity\" >Ordenar por popularidad<\/option>\n\t\t\t\t\t<option value=\"date\" >Ordenar por los \u00faltimos<\/option>\n\t\t\t\t\t<option value=\"price\" >Ordenar por precio: bajo a alto<\/option>\n\t\t\t\t\t<option value=\"price-desc\" >Ordenar por precio: alto a bajo<\/option>\n\t\t\t<\/select>\n\t<input type=\"hidden\" name=\"paged\" value=\"1\" \/>\n\t<\/form>\n<\/div><ul data-products=\"type-1\" class=\"products columns-3\">\n<li class=\"product type-product post-599 status-publish first instock product_cat-sin-categorizar product_tag-perfumeria-caballero has-post-thumbnail sale shipping-taxable purchasable product-type-simple\">\n\t<a href=\"https:\/\/ofertasderevista.com\/index.php\/producto\/43n-paralel-parfum\/\" class=\"woocommerce-LoopProduct-link woocommerce-loop-product__link\">\n\t<span class=\"onsale\" data-shape=\"type-2\" >OFERTA<\/span>\n\t<img loading=\"lazy\" decoding=\"async\" width=\"300\" height=\"300\" src=\"https:\/\/ofertasderevista.com\/wp-content\/uploads\/2024\/02\/43-N-PARELE-300x300.jpg\" class=\"attachment-woocommerce_thumbnail size-woocommerce_thumbnail\" alt=\"\" srcset=\"https:\/\/ofertasderevista.com\/wp-content\/uploads\/2024\/02\/43-N-PARELE-300x300.jpg 300w, https:\/\/ofertasderevista.com\/wp-content\/uploads\/2024\/02\/43-N-PARELE-1024x1024.jpg 1024w, https:\/\/ofertasderevista.com\/wp-content\/uploads\/2024\/02\/43-N-PARELE-150x150.jpg 150w, https:\/\/ofertasderevista.com\/wp-content\/uploads\/2024\/02\/43-N-PARELE-768x768.jpg 768w, https:\/\/ofertasderevista.com\/wp-content\/uploads\/2024\/02\/43-N-PARELE-600x600.jpg 600w, https:\/\/ofertasderevista.com\/wp-content\/uploads\/2024\/02\/43-N-PARELE-100x100.jpg 100w, https:\/\/ofertasderevista.com\/wp-content\/uploads\/2024\/02\/43-N-PARELE.jpg 1500w\" sizes=\"(max-width: 300px) 100vw, 300px\" \/><h2 class=\"woocommerce-loop-product__title\">43N Paralel Parfum<\/h2>\n\t<span class=\"price\"><span class=\"sale-price\"><del aria-hidden=\"true\"><span class=\"woocommerce-Price-amount amount\"><bdi><span class=\"woocommerce-Price-currencySymbol\">&#36;<\/span>&nbsp;274.000<\/bdi><\/span><\/del> <ins><span class=\"woocommerce-Price-amount amount\"><bdi><span class=\"woocommerce-Price-currencySymbol\">&#36;<\/span>&nbsp;114.900<\/bdi><\/span><\/ins><\/span><\/span>\n<\/a><a href=\"?add-to-cart=599\" data-quantity=\"1\" class=\"button product_type_simple add_to_cart_button ajax_add_to_cart\" data-product_id=\"599\" data-product_sku=\"\" aria-label=\"A\u00f1adir al carrito: &ldquo;43N Paralel Parfum&rdquo;\" aria-describedby=\"\" rel=\"nofollow\">A\u00f1adir al carrito<\/a><\/li>\n<li class=\"product type-product post-605 status-publish instock product_cat-perfumeria-dama has-post-thumbnail sale shipping-taxable purchasable product-type-variable\">\n\t<a href=\"https:\/\/ofertasderevista.com\/index.php\/producto\/aguas-natura\/\" class=\"woocommerce-LoopProduct-link woocommerce-loop-product__link\">\n\t<span class=\"onsale\" data-shape=\"type-2\" >OFERTA<\/span>\n\t<img loading=\"lazy\" decoding=\"async\" width=\"300\" height=\"300\" src=\"https:\/\/ofertasderevista.com\/wp-content\/uploads\/2024\/02\/aguas-natura-1-e1708980544906-300x300.jpg\" class=\"attachment-woocommerce_thumbnail size-woocommerce_thumbnail\" alt=\"\" srcset=\"https:\/\/ofertasderevista.com\/wp-content\/uploads\/2024\/02\/aguas-natura-1-e1708980544906-300x300.jpg 300w, https:\/\/ofertasderevista.com\/wp-content\/uploads\/2024\/02\/aguas-natura-1-e1708980544906-150x150.jpg 150w, https:\/\/ofertasderevista.com\/wp-content\/uploads\/2024\/02\/aguas-natura-1-e1708980544906-100x100.jpg 100w\" sizes=\"(max-width: 300px) 100vw, 300px\" \/><h2 class=\"woocommerce-loop-product__title\">AGUAS NATURA<\/h2>\n\t<span class=\"price\"><span class=\"sale-price\"><del aria-hidden=\"true\"><span class=\"woocommerce-Price-amount amount\"><bdi><span class=\"woocommerce-Price-currencySymbol\">&#36;<\/span>&nbsp;65.900<\/bdi><\/span><\/del> <ins><span class=\"woocommerce-Price-amount amount\"><bdi><span class=\"woocommerce-Price-currencySymbol\">&#36;<\/span>&nbsp;49.900<\/bdi><\/span><\/ins><\/span><\/span>\n<\/a><a href=\"https:\/\/ofertasderevista.com\/index.php\/producto\/aguas-natura\/\" data-quantity=\"1\" class=\"button product_type_variable add_to_cart_button\" data-product_id=\"605\" data-product_sku=\"\" aria-label=\"Elige las opciones para &ldquo;AGUAS NATURA&rdquo;\" aria-describedby=\"Este producto tiene m\u00faltiples variantes. Las opciones se pueden elegir en la p\u00e1gina de producto\" rel=\"nofollow\">Seleccionar opciones<\/a><\/li>\n<li class=\"product type-product post-579 status-publish last instock product_cat-cuidado-corporal has-post-thumbnail sale featured shipping-taxable purchasable product-type-variable\">\n\t<a href=\"https:\/\/ofertasderevista.com\/index.php\/producto\/crema-litro-avon-care\/\" class=\"woocommerce-LoopProduct-link woocommerce-loop-product__link\">\n\t<span class=\"onsale\" data-shape=\"type-2\" >OFERTA<\/span>\n\t<img loading=\"lazy\" decoding=\"async\" width=\"300\" height=\"300\" src=\"https:\/\/ofertasderevista.com\/wp-content\/uploads\/2024\/02\/CARE-COCO-300x300.jpg\" class=\"attachment-woocommerce_thumbnail size-woocommerce_thumbnail\" alt=\"\" srcset=\"https:\/\/ofertasderevista.com\/wp-content\/uploads\/2024\/02\/CARE-COCO-300x300.jpg 300w, https:\/\/ofertasderevista.com\/wp-content\/uploads\/2024\/02\/CARE-COCO-150x150.jpg 150w, https:\/\/ofertasderevista.com\/wp-content\/uploads\/2024\/02\/CARE-COCO-768x768.jpg 768w, https:\/\/ofertasderevista.com\/wp-content\/uploads\/2024\/02\/CARE-COCO-600x600.jpg 600w, https:\/\/ofertasderevista.com\/wp-content\/uploads\/2024\/02\/CARE-COCO-100x100.jpg 100w, https:\/\/ofertasderevista.com\/wp-content\/uploads\/2024\/02\/CARE-COCO.jpg 1000w\" sizes=\"(max-width: 300px) 100vw, 300px\" \/><h2 class=\"woocommerce-loop-product__title\">CREMA LITRO AVON CARE<\/h2>\n\t<span class=\"price\"><span class=\"woocommerce-Price-amount amount\"><bdi><span class=\"woocommerce-Price-currencySymbol\">&#36;<\/span>&nbsp;22.000<\/bdi><\/span> &ndash; <span class=\"woocommerce-Price-amount amount\"><bdi><span class=\"woocommerce-Price-currencySymbol\">&#36;<\/span>&nbsp;25.000<\/bdi><\/span><\/span>\n<\/a><a href=\"https:\/\/ofertasderevista.com\/index.php\/producto\/crema-litro-avon-care\/\" data-quantity=\"1\" class=\"button product_type_variable add_to_cart_button\" data-product_id=\"579\" data-product_sku=\"\" aria-label=\"Elige las opciones para &ldquo;CREMA LITRO AVON CARE&rdquo;\" aria-describedby=\"Este producto tiene m\u00faltiples variantes. Las opciones se pueden elegir en la p\u00e1gina de producto\" rel=\"nofollow\">Seleccionar opciones<\/a><\/li>\n<li class=\"product type-product post-571 status-publish first instock product_cat-cuidado-corporal has-post-thumbnail sale featured shipping-taxable purchasable product-type-simple\">\n\t<a href=\"https:\/\/ofertasderevista.com\/index.php\/producto\/crema-manos-castana\/\" class=\"woocommerce-LoopProduct-link woocommerce-loop-product__link\">\n\t<span class=\"onsale\" data-shape=\"type-2\" >OFERTA<\/span>\n\t<img loading=\"lazy\" decoding=\"async\" width=\"300\" height=\"300\" src=\"https:\/\/ofertasderevista.com\/wp-content\/uploads\/2024\/02\/CASTANA3-300x300.jpg\" class=\"attachment-woocommerce_thumbnail size-woocommerce_thumbnail\" alt=\"\" srcset=\"https:\/\/ofertasderevista.com\/wp-content\/uploads\/2024\/02\/CASTANA3-300x300.jpg 300w, https:\/\/ofertasderevista.com\/wp-content\/uploads\/2024\/02\/CASTANA3-150x150.jpg 150w, https:\/\/ofertasderevista.com\/wp-content\/uploads\/2024\/02\/CASTANA3-100x100.jpg 100w\" sizes=\"(max-width: 300px) 100vw, 300px\" \/><h2 class=\"woocommerce-loop-product__title\">CREMA MANOS CASTA\u00d1A<\/h2>\n\t<span class=\"price\"><span class=\"sale-price\"><del aria-hidden=\"true\"><span class=\"woocommerce-Price-amount amount\"><bdi><span class=\"woocommerce-Price-currencySymbol\">&#36;<\/span>&nbsp;45.900<\/bdi><\/span><\/del> <ins><span class=\"woocommerce-Price-amount amount\"><bdi><span class=\"woocommerce-Price-currencySymbol\">&#36;<\/span>&nbsp;29.000<\/bdi><\/span><\/ins><\/span><\/span>\n<\/a><a href=\"?add-to-cart=571\" data-quantity=\"1\" class=\"button product_type_simple add_to_cart_button ajax_add_to_cart\" data-product_id=\"571\" data-product_sku=\"\" aria-label=\"A\u00f1adir al carrito: &ldquo;CREMA MANOS CASTA\u00d1A&rdquo;\" aria-describedby=\"\" rel=\"nofollow\">A\u00f1adir al carrito<\/a><\/li>\n<li class=\"product type-product post-688 status-publish instock product_cat-perfumeria product_cat-perfumeria-caballero product_cat-perfumeria-esika has-post-thumbnail sale shipping-taxable purchasable product-type-simple\">\n\t<a href=\"https:\/\/ofertasderevista.com\/index.php\/producto\/dorsay\/\" class=\"woocommerce-LoopProduct-link woocommerce-loop-product__link\">\n\t<span class=\"onsale\" data-shape=\"type-2\" >OFERTA<\/span>\n\t<img loading=\"lazy\" decoding=\"async\" width=\"300\" height=\"300\" src=\"https:\/\/ofertasderevista.com\/wp-content\/uploads\/2024\/03\/DORSAY-300x300.webp\" class=\"attachment-woocommerce_thumbnail size-woocommerce_thumbnail\" alt=\"\" srcset=\"https:\/\/ofertasderevista.com\/wp-content\/uploads\/2024\/03\/DORSAY-300x300.webp 300w, https:\/\/ofertasderevista.com\/wp-content\/uploads\/2024\/03\/DORSAY-1024x1024.webp 1024w, https:\/\/ofertasderevista.com\/wp-content\/uploads\/2024\/03\/DORSAY-150x150.webp 150w, https:\/\/ofertasderevista.com\/wp-content\/uploads\/2024\/03\/DORSAY-768x768.webp 768w, https:\/\/ofertasderevista.com\/wp-content\/uploads\/2024\/03\/DORSAY-600x600.webp 600w, https:\/\/ofertasderevista.com\/wp-content\/uploads\/2024\/03\/DORSAY-100x100.webp 100w, https:\/\/ofertasderevista.com\/wp-content\/uploads\/2024\/03\/DORSAY.webp 1197w\" sizes=\"(max-width: 300px) 100vw, 300px\" \/><h2 class=\"woocommerce-loop-product__title\">DORSAY<\/h2>\n\t<span class=\"price\"><span class=\"sale-price\"><del aria-hidden=\"true\"><span class=\"woocommerce-Price-amount amount\"><bdi><span class=\"woocommerce-Price-currencySymbol\">&#36;<\/span>&nbsp;95.000<\/bdi><\/span><\/del> <ins><span class=\"woocommerce-Price-amount amount\"><bdi><span class=\"woocommerce-Price-currencySymbol\">&#36;<\/span>&nbsp;60.000<\/bdi><\/span><\/ins><\/span><\/span>\n<\/a><a href=\"?add-to-cart=688\" data-quantity=\"1\" class=\"button product_type_simple add_to_cart_button ajax_add_to_cart\" data-product_id=\"688\" data-product_sku=\"\" aria-label=\"A\u00f1adir al carrito: &ldquo;DORSAY&rdquo;\" aria-describedby=\"\" rel=\"nofollow\">A\u00f1adir al carrito<\/a><\/li>\n<li class=\"product type-product post-692 status-publish last instock product_cat-perfumeria product_cat-perfumeria-caballero product_cat-perfumeria-esika has-post-thumbnail sale shipping-taxable purchasable product-type-simple\">\n\t<a href=\"https:\/\/ofertasderevista.com\/index.php\/producto\/dorsay-class\/\" class=\"woocommerce-LoopProduct-link woocommerce-loop-product__link\">\n\t<span class=\"onsale\" data-shape=\"type-2\" >OFERTA<\/span>\n\t<img loading=\"lazy\" decoding=\"async\" width=\"300\" height=\"300\" src=\"https:\/\/ofertasderevista.com\/wp-content\/uploads\/2024\/03\/dorsayclass2-300x300.webp\" class=\"attachment-woocommerce_thumbnail size-woocommerce_thumbnail\" alt=\"\" srcset=\"https:\/\/ofertasderevista.com\/wp-content\/uploads\/2024\/03\/dorsayclass2-300x300.webp 300w, https:\/\/ofertasderevista.com\/wp-content\/uploads\/2024\/03\/dorsayclass2-1024x1024.webp 1024w, https:\/\/ofertasderevista.com\/wp-content\/uploads\/2024\/03\/dorsayclass2-150x150.webp 150w, https:\/\/ofertasderevista.com\/wp-content\/uploads\/2024\/03\/dorsayclass2-768x768.webp 768w, https:\/\/ofertasderevista.com\/wp-content\/uploads\/2024\/03\/dorsayclass2-600x600.webp 600w, https:\/\/ofertasderevista.com\/wp-content\/uploads\/2024\/03\/dorsayclass2-100x100.webp 100w, https:\/\/ofertasderevista.com\/wp-content\/uploads\/2024\/03\/dorsayclass2.webp 1200w\" sizes=\"(max-width: 300px) 100vw, 300px\" \/><h2 class=\"woocommerce-loop-product__title\">DORSAY CLASS<\/h2>\n\t<span class=\"price\"><span class=\"sale-price\"><del aria-hidden=\"true\"><span class=\"woocommerce-Price-amount amount\"><bdi><span class=\"woocommerce-Price-currencySymbol\">&#36;<\/span>&nbsp;95.000<\/bdi><\/span><\/del> <ins><span class=\"woocommerce-Price-amount amount\"><bdi><span class=\"woocommerce-Price-currencySymbol\">&#36;<\/span>&nbsp;65.000<\/bdi><\/span><\/ins><\/span><\/span>\n<\/a><a href=\"?add-to-cart=692\" data-quantity=\"1\" class=\"button product_type_simple add_to_cart_button ajax_add_to_cart\" data-product_id=\"692\" data-product_sku=\"\" aria-label=\"A\u00f1adir al carrito: &ldquo;DORSAY CLASS&rdquo;\" aria-describedby=\"\" rel=\"nofollow\">A\u00f1adir al carrito<\/a><\/li>\n<\/ul>\n<\/div><\/p>\n","protected":false},"excerpt":{"rendered":"","protected":false},"author":1,"featured_media":0,"parent":0,"menu_order":0,"comment_status":"closed","ping_status":"closed","template":"","meta":{"footnotes":""},"blocksy_meta":{"page_title_panel":"","has_hero_section":"disabled","ca408bac51dcb9bebe89ae8b4f61bac4":"","hero_section":"type-2","hero_alignment1":"left","hero_alignment2":"center","hero_height":{"0":"2","1":"3","2":"0","3":"p","4":"x","desktop":"600px","tablet":"500px","mobile":"400px","__changed":["tablet","tablet","mobile","mobile"]},"page_title_bg_type":"custom_image","custom_hero_background":{"attachment_id":121,"url":"https:\/\/demo.creativethemes.com\/blocksy\/modern-shop\/wp-content\/uploads\/2020\/03\/balazs-busznyak-3mtcyvbAqzM-unsplash-1024x422.jpg"},"parallax":{"desktop":true,"tablet":false,"mobile":false},"af9301a3d562ad1ee5149d665c6678f7":"","single_meta_elements":{"author":false,"date":false,"categories":false,"comments":false,"updated":false,"tags":false},"has_meta_label":"yes","has_meta_avatar":"yes","date_format_source":"custom","single_meta_date_format":"M j, Y","5e88965349a5131a386b5afbb005459d":"","page_excerpt_visibility":{"desktop":true,"tablet":true,"mobile":true},"pageTitleFont":{"family":"Default","variation":"n9","size":{"desktop":"55px","tablet":"40px","mobile":"30px","__changed":["tablet","tablet","mobile","mobile","mobile"]},"line-height":"1.3","letter-spacing":"CT_CSS_SKIP_RULE","text-transform":"CT_CSS_SKIP_RULE","text-decoration":"CT_CSS_SKIP_RULE"},"pageTitleFontColor":{"default":{"color":"CT_CSS_SKIP_RULEDEFAULT"}},"pageMetaFont":{"family":"Default","variation":"n6","size":{"desktop":"12px","tablet":"12px","mobile":"12px"},"line-height":"1.3","letter-spacing":"CT_CSS_SKIP_RULE","text-transform":"uppercase","text-decoration":"CT_CSS_SKIP_RULE"},"pageMetaFontColor":{"default":{"color":"CT_CSS_SKIP_RULEDEFAULT"},"hover":{"color":"CT_CSS_SKIP_RULEDEFAULT"}},"pageExcerptFont":{"family":"Default","variation":"n5","size":"CT_CSS_SKIP_RULE","line-height":"CT_CSS_SKIP_RULE","letter-spacing":"CT_CSS_SKIP_RULE","text-transform":"CT_CSS_SKIP_RULE","text-decoration":"CT_CSS_SKIP_RULE"},"pageExcerptColor":{"default":{"color":"CT_CSS_SKIP_RULEDEFAULT"}},"pageTitleOverlay":{"default":{"color":"CT_CSS_SKIP_RULE"}},"pageTitleBackground":{"background_type":"color","background_pattern":"type-1","background_image":{"attachment_id":null,"x":0,"y":0},"background_repeat":"no-repeat","background_size":"auto","background_attachment":"scroll","patternColor":{"default":{"color":"#e5e7ea"}},"backgroundColor":{"default":{"color":"#EDEFF2"}},"default":{"color":"#EDEFF2"}},"282ec0a124d34d30d0d8d3a9c523dbac":"","page_structure_type":"type-1","page_enable_vertical_spacing":"yes","cbbde535f644fc423e9a6766ced4a7f8":"","disable_featured_image":"no","74525664560c40b1fddeed8df99ff73d":"","8b567b42aa9789a2d383c103bdcddf78":"","18bd84f9503f175bb0aef0747cc76ed4":"","0870e10555acdcbe2c2242a74e7a36ab":"","4f9767c69a1b58ce278f6af330f81cce":"","0dcf98d593a5841c1d4a9e42f4d16483":"","76185a1740eab568196cb8afd2e18caf":"","e3ec5fb8b5b2c3e51be0632aacba027e":"","a2a1a09e1bbd3dfdce11730920eed479":"","e44cb18390ea10605857667ed41a36b6":"","ecbb1f7832e5657c0ebc01ba76f8d6dd":"","a804b9bb6012924197a1bd28d013cb93":"","95a53b3c6213793f2e4e9f807f63bb56":"","1de70472ecf8b6914b908cab64081169":"","659a7899ff6d700dcdd5873d2fa92c51":"","172d30965e66430495166bc73429a901":"","hero_elements":[{"id":"custom_title","enabled":true,"heading_tag":"h1","title":"Home"},{"id":"custom_description","enabled":true,"description_visibility":{"desktop":true,"tablet":true,"mobile":false}},{"id":"custom_meta","enabled":false,"meta_elements":[{"id":"author","enabled":true,"label":"By","has_author_avatar":"yes","avatar_size":25},{"id":"post_date","enabled":true,"label":"On","date_format_source":"default","date_format":"M j, Y"},{"id":"comments","enabled":true}],"page_meta_elements":{"joined":true,"articles_count":true,"comments":true}},{"id":"breadcrumbs","enabled":false}],"cc46d5c7885f8a6f23420d5b88a137f5":"","hero_vertical_alignment":"center","hero_structure":"narrow","breadcrumbsFont":{"family":"Default","variation":"n6","size":"12px","line-height":"CT_CSS_SKIP_RULE","letter-spacing":"CT_CSS_SKIP_RULE","text-transform":"uppercase","text-decoration":"CT_CSS_SKIP_RULE"},"breadcrumbsFontColor":{"default":{"color":"CT_CSS_SKIP_RULEDEFAULT"},"initial":{"color":"CT_CSS_SKIP_RULEDEFAULT"},"hover":{"color":"CT_CSS_SKIP_RULEDEFAULT"}},"d418504559648fe9acdd0289cedd3b6d":"","content_style":"inherit","vertical_spacing_source":"inherit","content_area_spacing":"both","background":{"background_type":"color","background_pattern":"type-1","background_image":{"attachment_id":null,"x":0,"y":0},"background_repeat":"no-repeat","background_size":"auto","background_attachment":"scroll","patternColor":{"default":{"color":"#e5e7ea"}},"backgroundColor":{"default":{"color":"CT_CSS_SKIP_RULE"}}},"content_background":{"background_type":"color","background_pattern":"type-1","background_image":{"attachment_id":null,"x":0,"y":0},"background_repeat":"no-repeat","background_size":"auto","background_attachment":"scroll","patternColor":{"default":{"color":"#e5e7ea"}},"backgroundColor":{"default":{"color":"#ffffff"}}},"content_boxed_spacing":{"desktop":"40px","tablet":"35px","mobile":"20px"},"content_boxed_radius":{"top":"3px","bottom":"3px","left":"3px","right":"3px","linked":true},"content_boxed_shadow":{"blur":18,"spread":-6,"v_offset":12,"h_offset":0,"inset":false,"enable":true,"color":{"color":"rgba(34, 56, 101, 0.04)"}},"526bd93416e432c5eab78cd6e0d2e021":"","ae6f1d97ab29906e8ead882aa6a3dab2":"","c06f63c19bd431abf7a8f76f180f2f4f":"","1f4d31e3e256da9d99bc531520a76945":"","0da82cd6c913f52f526d6f023108ed88":"","aaa9e52e8e795eb3c558fa5302130140":"","disable_header":"no","disable_footer":"no","styles_descriptor":{"styles":{"desktop":"","tablet":"","mobile":""},"google_fonts":[],"version":6}},"featured_image_urls":{"full":"","thumbnail":"","medium":"","medium_large":"","large":"","1536x1536":"","2048x2048":"","woocommerce_archive_thumbnail":"","woocommerce_thumbnail":"","woocommerce_single":"","woocommerce_gallery_thumbnail":""},"post_excerpt_stackable":"<p>Mostrando los 6 resultados Orden predeterminado Ordenar por popularidad Ordenar por los \u00faltimos Ordenar por precio: bajo a alto Ordenar por precio: alto a bajo OFERTA 43N Paralel Parfum &#36;&nbsp;274.000 &#36;&nbsp;114.900 A\u00f1adir al carrito OFERTA AGUAS NATURA &#36;&nbsp;65.900 &#36;&nbsp;49.900 Seleccionar opciones OFERTA CREMA LITRO AVON CARE &#36;&nbsp;22.000 &ndash; &#36;&nbsp;25.000 Seleccionar opciones OFERTA CREMA MANOS CASTA\u00d1A &#36;&nbsp;45.900 &#36;&nbsp;29.000 A\u00f1adir al carrito OFERTA DORSAY &#36;&nbsp;95.000 &#36;&nbsp;60.000 A\u00f1adir al carrito OFERTA DORSAY CLASS &#36;&nbsp;95.000 &#36;&nbsp;65.000 A\u00f1adir al carrito<\/p>\n","category_list":"","author_info":{"name":"ofertasderevista.com","url":"https:\/\/ofertasderevista.com\/index.php\/author\/ofertasderevista-com\/"},"comments_num":"0 comentarios","_links":{"self":[{"href":"https:\/\/ofertasderevista.com\/index.php\/wp-json\/wp\/v2\/pages\/342"}],"collection":[{"href":"https:\/\/ofertasderevista.com\/index.php\/wp-json\/wp\/v2\/pages"}],"about":[{"href":"https:\/\/ofertasderevista.com\/index.php\/wp-json\/wp\/v2\/types\/page"}],"author":[{"embeddable":true,"href":"https:\/\/ofertasderevista.com\/index.php\/wp-json\/wp\/v2\/users\/1"}],"replies":[{"embeddable":true,"href":"https:\/\/ofertasderevista.com\/index.php\/wp-json\/wp\/v2\/comments?post=342"}],"version-history":[{"count":0,"href":"https:\/\/ofertasderevista.com\/index.php\/wp-json\/wp\/v2\/pages\/342\/revisions"}],"wp:attachment":[{"href":"https:\/\/ofertasderevista.com\/index.php\/wp-json\/wp\/v2\/media?parent=342"}],"curies":[{"name":"wp","href":"https:\/\/api.w.org\/{rel}","templated":true}]}}